{"id":653,"date":"2021-05-28T13:23:15","date_gmt":"2021-05-28T13:23:15","guid":{"rendered":"https:\/\/siurocruising.com.wp1.kotisivut.com\/?page_id=653"},"modified":"2024-07-06T15:46:22","modified_gmt":"2024-07-06T15:46:22","slug":"jasenyys","status":"publish","type":"page","link":"https:\/\/siurocruising.com\/index.php\/jasenyys\/","title":{"rendered":"J\u00e4senyys"},"content":{"rendered":"\t\t<div data-elementor-type=\"wp-page\" data-elementor-id=\"653\" class=\"elementor elementor-653\">\n\t\t\t\t\t\t<section class=\"elementor-section elementor-top-section elementor-element elementor-element-7202b43 elementor-section-boxed elementor-section-height-default elementor-section-height-default\" data-id=\"7202b43\" data-element_type=\"section\" data-e-type=\"section\">\n\t\t\t\t\t\t<div class=\"elementor-container elementor-column-gap-default\">\n\t\t\t\t\t<div class=\"elementor-column elementor-col-100 elementor-top-column elementor-element elementor-element-b6cc776\" data-id=\"b6cc776\" data-element_type=\"column\" data-e-type=\"column\">\n\t\t\t<div class=\"elementor-widget-wrap elementor-element-populated\">\n\t\t\t\t\t\t<div class=\"elementor-element elementor-element-f0b6386 elementor-widget elementor-widget-heading\" data-id=\"f0b6386\" data-element_type=\"widget\" data-e-type=\"widget\" data-widget_type=\"heading.default\">\n\t\t\t\t<div class=\"elementor-widget-container\">\n\t\t\t\t\t<h2 class=\"elementor-heading-title elementor-size-default\">J\u00e4senyys<\/h2>\t\t\t\t<\/div>\n\t\t\t\t<\/div>\n\t\t\t\t\t<\/div>\n\t\t<\/div>\n\t\t\t\t\t<\/div>\n\t\t<\/section>\n\t\t\t\t<section class=\"elementor-section elementor-top-section elementor-element elementor-element-a861866 elementor-section-boxed elementor-section-height-default elementor-section-height-default\" data-id=\"a861866\" data-element_type=\"section\" data-e-type=\"section\">\n\t\t\t\t\t\t<div class=\"elementor-container elementor-column-gap-default\">\n\t\t\t\t\t<div class=\"elementor-column elementor-col-50 elementor-top-column elementor-element elementor-element-db7cf2c\" data-id=\"db7cf2c\" data-element_type=\"column\" data-e-type=\"column\">\n\t\t\t<div class=\"elementor-widget-wrap elementor-element-populated\">\n\t\t\t\t\t\t<div class=\"elementor-element elementor-element-ca0db16 elementor-widget elementor-widget-text-editor\" data-id=\"ca0db16\" data-element_type=\"widget\" data-e-type=\"widget\" data-widget_type=\"text-editor.default\">\n\t\t\t\t<div class=\"elementor-widget-container\">\n\t\t\t\t\t\t\t\t\t<h2>Siuro Cruisers ry j\u00e4senyys<\/h2><p>Siuro Cruisersilla on kolme erilaista j\u00e4sentasoa.<\/p><p><strong>Varsinainenj\u00e4sen.<\/strong> Varsinaiseksi j\u00e4seneksi voidaan hyv\u00e4ksy\u00e4 henkil\u00f6, joka on t\u00e4ysi-ik\u00e4inen ja hyv\u00e4ksyy yhdistyksen tarkoituksen. Varsinainen j\u00e4sen voi toimia yhdistyksen toimihenkil\u00f6n\u00e4 ja edustajana. Varsinaiselta j\u00e4senelt\u00e4 edellytet\u00e4\u00e4n aktiivista osallistumista kerhon toimintaan. Varsinainen j\u00e4sen saa k\u00e4ytt\u00e4\u00e4 virallisia kerhovaatteita. Varsinainen j\u00e4sentaso on sinulle oikea j\u00e4senyystaso, jos haluat vaikuttaa kerhon ja sen tapahtumien kehitt\u00e4miseen, haluat toimia kerho aktiivina, haluat kohdata uusia haasteita ja kantaa vastuuta asioista.<\/p><p><strong>Kannattajaj\u00e4sen.<\/strong> Kannattavaksi j\u00e4seneksi voidaan hyv\u00e4ksy\u00e4 yksityinen henkil\u00f6, joka haluaa tukea yhdistyksen tarkoitusta ja toimintaa. Kannattajaj\u00e4senelt\u00e4 ei edellytet\u00e4 yht\u00e4 aktiivista tekemist\u00e4, kuin varsinaisilta j\u00e4senilt\u00e4. Kannattajaj\u00e4senell\u00e4 on oikeus osallistua kerhon kokouksiin sek\u00e4 kerhon omiin tilaisuuksiin kuten pikkujouluihin, matkoihin ja saunailtoihin. Kannattajaj\u00e4sen saa k\u00e4ytt\u00e4\u00e4 virallisia kerhovaatteita. Kannattajaj\u00e4sentaso on sinulle oikea j\u00e4senyystaso, jos haluat kerhon toiminnassa olla mukana ilman riski\u00e4 siit\u00e4, ett\u00e4 joudut kantamaan vastuuta kerhon toiminnasta.<\/p><p><strong>Tukijaj\u00e4sen.<\/strong> Tukijaj\u00e4seneksi voidaan hyv\u00e4ksy\u00e4 yksityinen henkil\u00f6 tai oikeuskelpoinen yhteis\u00f6, joka haluaa yhdistyksen toimintaa tukea ilman velvollisuutta osallistua yhdistyksen toimintaan. Tukijaj\u00e4senell\u00e4 ei ole oikeutta toimia yhdistyksen toimihenkil\u00f6n\u00e4 tai edustajana. Tukijaj\u00e4sen ei osallistu kerhon kokouksiin tai sis\u00e4isiin tilaisuuksiin. Tukijaj\u00e4sentaso on sinulle oikea j\u00e4senyystaso, jos haluat kerhon toimintaa tukea ilman mit\u00e4\u00e4n velvoitetta sen toimintaan osallistua. J\u00e4senyys on tapa varmistaa Siuro Cruising tapahtuman jatkuminen ja kehittyminen.<\/p><p>Varsinaiset j\u00e4senet ja kannattaja j\u00e4senet hyv\u00e4ksyv\u00e4t hakemuksesta yhdistyksen hallitus. N\u00e4ill\u00e4 j\u00e4senill\u00e4 on koeaika joka kest\u00e4\u00e4 noin yhden vuoden. J\u00e4senen on osallistuttava yhdistyksen toimintaan ja osoitettava noudattavansa yhdistyksen s\u00e4\u00e4nt\u00f6j\u00e4. J\u00e4senen on oltava luottamuksen arvoinen p\u00e4\u00e4st\u00e4kseen varsinaiseksi j\u00e4seneksi.<\/p><p>Mit\u00e4 etua j\u00e4senyydest\u00e4?<\/p><p>Liikaa ei voi korostaa mahtavan porukan tuomaa yhteis\u00f6llisyytt\u00e4 joka kiist\u00e4m\u00e4tt\u00e4 on suurin etu j\u00e4senyyest\u00e4. J\u00e4sen p\u00e4\u00e4see osallistumaan kaikkiin kerhon tapahtumiin. P\u00e4\u00e4set kerhon mukana erilaisiin tapahtumiin Suomessa ja ulkomailla. P\u00e4\u00e4set vaikuttamaan omien tapahtumien j\u00e4rjestelyihin. Halutessasi saat vastuullesi erilaisia teht\u00e4vi\u00e4 tapahtumissa tai kerhon perus py\u00f6ritt\u00e4misess\u00e4.<\/p><p>J\u00e4sen saa my\u00f6s etuja joiltakin yhteisty\u00f6kumppaneilta. Siuro Cruisers tuotteissa on my\u00f6s oma j\u00e4senhintansa.<\/p>\t\t\t\t\t\t\t\t<\/div>\n\t\t\t\t<\/div>\n\t\t\t\t\t<\/div>\n\t\t<\/div>\n\t\t\t\t<div class=\"elementor-column elementor-col-50 elementor-top-column elementor-element elementor-element-a37ee9a\" data-id=\"a37ee9a\" data-element_type=\"column\" data-e-type=\"column\">\n\t\t\t<div class=\"elementor-widget-wrap elementor-element-populated\">\n\t\t\t\t\t\t<div class=\"elementor-element elementor-element-bb0820f elementor-widget elementor-widget-text-editor\" data-id=\"bb0820f\" data-element_type=\"widget\" data-e-type=\"widget\" data-widget_type=\"text-editor.default\">\n\t\t\t\t<div class=\"elementor-widget-container\">\n\t\t\t\t\t\t\t\t\t<h2>Siuro Cruisers j\u00e4sen anomus<\/h2><p>Siuro Cruisers j\u00e4seneksi haetaan t\u00e4ll\u00e4 hakemuksella.\u00a0<\/p>\t\t\t\t\t\t\t\t<\/div>\n\t\t\t\t<\/div>\n\t\t\t\t<div class=\"elementor-element elementor-element-dc7c560 elementor-widget elementor-widget-shortcode\" data-id=\"dc7c560\" data-element_type=\"widget\" data-e-type=\"widget\" data-widget_type=\"shortcode.default\">\n\t\t\t\t<div class=\"elementor-widget-container\">\n\t\t\t\t\t\t\t<div class=\"elementor-shortcode\">\n<div class=\"wpcf7 no-js\" id=\"wpcf7-f652-o1\" lang=\"fi\" dir=\"ltr\" data-wpcf7-id=\"652\">\n<div class=\"screen-reader-response\"><p role=\"status\" aria-live=\"polite\" aria-atomic=\"true\"><\/p> <ul><\/ul><\/div>\n<form action=\"\/index.php\/wp-json\/wp\/v2\/pages\/653#wpcf7-f652-o1\" method=\"post\" class=\"wpcf7-form init\" aria-label=\"Yhteydenottolomake\" novalidate=\"novalidate\" data-status=\"init\">\n<fieldset class=\"hidden-fields-container\"><input type=\"hidden\" name=\"_wpcf7\" value=\"652\" \/><input type=\"hidden\" name=\"_wpcf7_version\" value=\"6.1.5\" \/><input type=\"hidden\" name=\"_wpcf7_locale\" value=\"fi\" \/><input type=\"hidden\" name=\"_wpcf7_unit_tag\" value=\"wpcf7-f652-o1\" \/><input type=\"hidden\" name=\"_wpcf7_container_post\" value=\"0\" \/><input type=\"hidden\" name=\"_wpcf7_posted_data_hash\" value=\"\" \/><input type=\"hidden\" name=\"_wpcf7cf_hidden_group_fields\" value=\"[]\" \/><input type=\"hidden\" name=\"_wpcf7cf_hidden_groups\" value=\"[]\" \/><input type=\"hidden\" name=\"_wpcf7cf_visible_groups\" value=\"[]\" \/><input type=\"hidden\" name=\"_wpcf7cf_repeaters\" value=\"[]\" \/><input type=\"hidden\" name=\"_wpcf7cf_steps\" value=\"{}\" \/><input type=\"hidden\" name=\"_wpcf7cf_options\" value=\"{&quot;form_id&quot;:652,&quot;conditions&quot;:[],&quot;settings&quot;:{&quot;animation&quot;:&quot;yes&quot;,&quot;animation_intime&quot;:200,&quot;animation_outtime&quot;:200,&quot;conditions_ui&quot;:&quot;normal&quot;,&quot;notice_dismissed&quot;:false}}\" \/>\n<\/fieldset>\n<h5>J\u00e4senanomus\n<\/h5>\n<p><label> Yhteystiedot <\/label>\n<\/p>\n<p><label> Etu- ja sukunimi*<br \/>\n<span class=\"wpcf7-form-control-wrap\" data-name=\"your-name\"><input size=\"40\" maxlength=\"400\" class=\"wpcf7-form-control wpcf7-text wpcf7-validates-as-required\" aria-required=\"true\" aria-invalid=\"false\" value=\"\" type=\"text\" name=\"your-name\" \/><\/span> <\/label>\n<\/p>\n<p><label> Osoite*<br \/>\n<span class=\"wpcf7-form-control-wrap\" data-name=\"Osoite\"><input size=\"40\" maxlength=\"400\" class=\"wpcf7-form-control wpcf7-text wpcf7-validates-as-required\" aria-required=\"true\" aria-invalid=\"false\" value=\"\" type=\"text\" name=\"Osoite\" \/><\/span> <\/label>\n<\/p>\n<p><label> Puhelinnumero *<br \/>\n<span class=\"wpcf7-form-control-wrap\" data-name=\"tel-880\"><input size=\"40\" maxlength=\"400\" class=\"wpcf7-form-control wpcf7-tel wpcf7-validates-as-required wpcf7-text wpcf7-validates-as-tel\" aria-required=\"true\" aria-invalid=\"false\" value=\"\" type=\"tel\" name=\"tel-880\" \/><\/span> <\/label>\n<\/p>\n<p><label> S\u00e4hk\u00f6posti*<br \/>\n<span class=\"wpcf7-form-control-wrap\" data-name=\"your-email\"><input size=\"40\" maxlength=\"400\" class=\"wpcf7-form-control wpcf7-email wpcf7-validates-as-required wpcf7-text wpcf7-validates-as-email\" aria-required=\"true\" aria-invalid=\"false\" value=\"\" type=\"email\" name=\"your-email\" \/><\/span> <\/label>\n<\/p>\n<p><label>Perustietoja<\/label>\n<\/p>\n<p><label> Omistatko harrasteauton?*<\/label><br \/>\n<span class=\"wpcf7-form-control-wrap\" data-name=\"Omistatko-harrasteauton\"><span class=\"wpcf7-form-control wpcf7-checkbox wpcf7-validates-as-required\"><span class=\"wpcf7-list-item first\"><label><input type=\"checkbox\" name=\"Omistatko-harrasteauton[]\" value=\"Kyll\u00e4 omistan\" \/><span class=\"wpcf7-list-item-label\">Kyll\u00e4 omistan<\/span><\/label><\/span><span class=\"wpcf7-list-item\"><label><input type=\"checkbox\" name=\"Omistatko-harrasteauton[]\" value=\"Perheenj\u00e4sen omistaa\" \/><span class=\"wpcf7-list-item-label\">Perheenj\u00e4sen omistaa<\/span><\/label><\/span><span class=\"wpcf7-list-item\"><label><input type=\"checkbox\" name=\"Omistatko-harrasteauton[]\" value=\"En omista\" \/><span class=\"wpcf7-list-item-label\">En omista<\/span><\/label><\/span><span class=\"wpcf7-list-item last\"><label><input type=\"checkbox\" name=\"Omistatko-harrasteauton[]\" value=\"Tarkoitus on hankkia\" \/><span class=\"wpcf7-list-item-label\">Tarkoitus on hankkia<\/span><\/label><\/span><\/span><\/span>\n<\/p>\n<p><label> Millaista j\u00e4senyytt\u00e4 haet?* <\/label><br \/>\n<span class=\"wpcf7-form-control-wrap\" data-name=\"millainen-jasenyys\"><span class=\"wpcf7-form-control wpcf7-checkbox wpcf7-validates-as-required\"><span class=\"wpcf7-list-item first\"><label><input type=\"checkbox\" name=\"millainen-jasenyys[]\" value=\"Varsinainenj\u00e4sen\" \/><span class=\"wpcf7-list-item-label\">Varsinainenj\u00e4sen<\/span><\/label><\/span><span class=\"wpcf7-list-item\"><label><input type=\"checkbox\" name=\"millainen-jasenyys[]\" value=\"Kannattajaj\u00e4sen\" \/><span class=\"wpcf7-list-item-label\">Kannattajaj\u00e4sen<\/span><\/label><\/span><span class=\"wpcf7-list-item\"><label><input type=\"checkbox\" name=\"millainen-jasenyys[]\" value=\"Tukijaj\u00e4sen\" \/><span class=\"wpcf7-list-item-label\">Tukijaj\u00e4sen<\/span><\/label><\/span><span class=\"wpcf7-list-item last\"><label><input type=\"checkbox\" name=\"millainen-jasenyys[]\" value=\"Muu. Mik\u00e4?\" \/><span class=\"wpcf7-list-item-label\">Muu. Mik\u00e4?<\/span><\/label><\/span><\/span><\/span>\n<\/p>\n<p><label> Kuvaile lyhyesti autoharrastustasi.*<br \/>\n<span class=\"wpcf7-form-control-wrap\" data-name=\"your-message\"><textarea cols=\"40\" rows=\"10\" maxlength=\"2000\" class=\"wpcf7-form-control wpcf7-textarea wpcf7-validates-as-required\" aria-required=\"true\" aria-invalid=\"false\" name=\"your-message\"><\/textarea><\/span> <\/label>\n<\/p>\n<p><label> Kerro mit\u00e4 osaamista j\u00e4senen\u00e4 toisit kerholle.*<br \/>\n<span class=\"wpcf7-form-control-wrap\" data-name=\"osaaminen\"><textarea cols=\"40\" rows=\"10\" maxlength=\"2000\" class=\"wpcf7-form-control wpcf7-textarea wpcf7-validates-as-required\" aria-required=\"true\" aria-invalid=\"false\" name=\"osaaminen\"><\/textarea><\/span> <\/label>\n<\/p>\n<p><span id=\"wpcf7-69f1fa7701171-wrapper\" class=\"wpcf7-form-control-wrap honeypot-532-wrap\" style=\"display:none !important; visibility:hidden !important;\"><label for=\"wpcf7-69f1fa7701171-field\" class=\"hp-message\">Please leave this field empty.<\/label><input id=\"wpcf7-69f1fa7701171-field\"  class=\"wpcf7-form-control wpcf7-text\" type=\"text\" name=\"honeypot-532\" value=\"\" size=\"40\" tabindex=\"-1\" autocomplete=\"new-password\" \/><\/span>\n<\/p>\n<p><input class=\"wpcf7-form-control wpcf7-submit has-spinner\" type=\"submit\" value=\"L\u00e4het\u00e4\" \/>\n<\/p><div class=\"wpcf7-response-output\" aria-hidden=\"true\"><\/div>\n<\/form>\n<\/div>\n<\/div>\n\t\t\t\t\t\t<\/div>\n\t\t\t\t<\/div>\n\t\t\t\t\t<\/div>\n\t\t<\/div>\n\t\t\t\t\t<\/div>\n\t\t<\/section>\n\t\t\t\t<\/div>\n\t\t","protected":false},"excerpt":{"rendered":"<p>J\u00e4senyys Siuro Cruisers ry j\u00e4senyys Siuro Cruisersilla on kolme erilaista j\u00e4sentasoa. Varsinainenj\u00e4sen. Varsinaiseksi j\u00e4seneksi voidaan hyv\u00e4ksy\u00e4 henkil\u00f6, joka on t\u00e4ysi-ik\u00e4inen ja hyv\u00e4ksyy yhdistyksen tarkoituksen. Varsinainen j\u00e4sen voi toimia yhdistyksen toimihenkil\u00f6n\u00e4 ja edustajana. Varsinaiselta j\u00e4senelt\u00e4 edellytet\u00e4\u00e4n aktiivista osallistumista kerhon toimintaan. Varsinainen j\u00e4sen saa k\u00e4ytt\u00e4\u00e4 virallisia kerhovaatteita. Varsinainen j\u00e4sentaso on sinulle oikea j\u00e4senyystaso, jos haluat vaikuttaa kerhon [&hellip;]<\/p>\n","protected":false},"author":1,"featured_media":0,"parent":0,"menu_order":0,"comment_status":"closed","ping_status":"closed","template":"elementor_header_footer","meta":{"footnotes":""},"class_list":["post-653","page","type-page","status-publish","hentry"],"_links":{"self":[{"href":"https:\/\/siurocruising.com\/index.php\/wp-json\/wp\/v2\/pages\/653","targetHints":{"allow":["GET"]}}],"collection":[{"href":"https:\/\/siurocruising.com\/index.php\/wp-json\/wp\/v2\/pages"}],"about":[{"href":"https:\/\/siurocruising.com\/index.php\/wp-json\/wp\/v2\/types\/page"}],"author":[{"embeddable":true,"href":"https:\/\/siurocruising.com\/index.php\/wp-json\/wp\/v2\/users\/1"}],"replies":[{"embeddable":true,"href":"https:\/\/siurocruising.com\/index.php\/wp-json\/wp\/v2\/comments?post=653"}],"version-history":[{"count":49,"href":"https:\/\/siurocruising.com\/index.php\/wp-json\/wp\/v2\/pages\/653\/revisions"}],"predecessor-version":[{"id":1795,"href":"https:\/\/siurocruising.com\/index.php\/wp-json\/wp\/v2\/pages\/653\/revisions\/1795"}],"wp:attachment":[{"href":"https:\/\/siurocruising.com\/index.php\/wp-json\/wp\/v2\/media?parent=653"}],"curies":[{"name":"wp","href":"https:\/\/api.w.org\/{rel}","templated":true}]}}