{"id":529,"date":"2021-05-26T17:58:33","date_gmt":"2021-05-26T17:58:33","guid":{"rendered":"https:\/\/siurocruising.com.wp1.kotisivut.com\/?page_id=529"},"modified":"2024-07-05T18:28:13","modified_gmt":"2024-07-05T18:28:13","slug":"tuotteet","status":"publish","type":"page","link":"https:\/\/siurocruising.com\/index.php\/tuotteet\/","title":{"rendered":"Tuotteet"},"content":{"rendered":"\t\t<div data-elementor-type=\"wp-page\" data-elementor-id=\"529\" class=\"elementor elementor-529\">\n\t\t\t\t\t\t<section class=\"elementor-section elementor-top-section elementor-element elementor-element-e96b8d8 elementor-section-boxed elementor-section-height-default elementor-section-height-default\" data-id=\"e96b8d8\" data-element_type=\"section\" data-e-type=\"section\">\n\t\t\t\t\t\t<div class=\"elementor-container elementor-column-gap-default\">\n\t\t\t\t\t<div class=\"elementor-column elementor-col-100 elementor-top-column elementor-element elementor-element-01336b3\" data-id=\"01336b3\" data-element_type=\"column\" data-e-type=\"column\">\n\t\t\t<div class=\"elementor-widget-wrap elementor-element-populated\">\n\t\t\t\t\t\t<div class=\"elementor-element elementor-element-1e4a39e elementor-widget elementor-widget-heading\" data-id=\"1e4a39e\" data-element_type=\"widget\" data-e-type=\"widget\" data-widget_type=\"heading.default\">\n\t\t\t\t<div class=\"elementor-widget-container\">\n\t\t\t\t\t<h2 class=\"elementor-heading-title elementor-size-default\">Siuro Cruisers support tuotteet<\/h2>\t\t\t\t<\/div>\n\t\t\t\t<\/div>\n\t\t\t\t\t<\/div>\n\t\t<\/div>\n\t\t\t\t\t<\/div>\n\t\t<\/section>\n\t\t\t\t<section class=\"elementor-section elementor-top-section elementor-element elementor-element-20731a7 elementor-section-boxed elementor-section-height-default elementor-section-height-default\" data-id=\"20731a7\" data-element_type=\"section\" data-e-type=\"section\">\n\t\t\t\t\t\t<div class=\"elementor-container elementor-column-gap-default\">\n\t\t\t\t\t<div class=\"elementor-column elementor-col-100 elementor-top-column elementor-element elementor-element-3b95120\" data-id=\"3b95120\" data-element_type=\"column\" data-e-type=\"column\">\n\t\t\t<div class=\"elementor-widget-wrap elementor-element-populated\">\n\t\t\t\t\t\t<section class=\"elementor-section elementor-inner-section elementor-element elementor-element-0c2a54e elementor-section-boxed elementor-section-height-default elementor-section-height-default\" data-id=\"0c2a54e\" data-element_type=\"section\" data-e-type=\"section\">\n\t\t\t\t\t\t<div class=\"elementor-container elementor-column-gap-default\">\n\t\t\t\t\t<div class=\"elementor-column elementor-col-50 elementor-inner-column elementor-element elementor-element-e288eb8\" data-id=\"e288eb8\" data-element_type=\"column\" data-e-type=\"column\">\n\t\t\t<div class=\"elementor-widget-wrap elementor-element-populated\">\n\t\t\t\t\t\t<div class=\"elementor-element elementor-element-b966327 elementor-arrows-position-inside elementor-pagination-position-outside elementor-widget elementor-widget-image-carousel\" data-id=\"b966327\" data-element_type=\"widget\" data-e-type=\"widget\" data-settings=\"{&quot;slides_to_show&quot;:&quot;1&quot;,&quot;navigation&quot;:&quot;both&quot;,&quot;autoplay&quot;:&quot;yes&quot;,&quot;pause_on_hover&quot;:&quot;yes&quot;,&quot;pause_on_interaction&quot;:&quot;yes&quot;,&quot;autoplay_speed&quot;:5000,&quot;infinite&quot;:&quot;yes&quot;,&quot;effect&quot;:&quot;slide&quot;,&quot;speed&quot;:500}\" data-widget_type=\"image-carousel.default\">\n\t\t\t\t<div class=\"elementor-widget-container\">\n\t\t\t\t\t\t\t<div class=\"elementor-image-carousel-wrapper swiper\" role=\"region\" aria-roledescription=\"carousel\" aria-label=\"Kuvakaruselli\" dir=\"ltr\">\n\t\t\t<div class=\"elementor-image-carousel swiper-wrapper\" aria-live=\"off\">\n\t\t\t\t\t\t\t\t<div class=\"swiper-slide\" role=\"group\" aria-roledescription=\"slide\" aria-label=\"1 of 1\"><figure class=\"swiper-slide-inner\"><img decoding=\"async\" class=\"swiper-slide-image\" src=\"https:\/\/siurocruising.com\/wp-content\/uploads\/2023\/07\/IMG_8313.jpg\" alt=\"2023 vuoden T-paita (harmaa)\" \/><\/figure><\/div>\t\t\t<\/div>\n\t\t\t\t\t<\/div>\n\t\t\t\t\t\t<\/div>\n\t\t\t\t<\/div>\n\t\t\t\t\t<\/div>\n\t\t<\/div>\n\t\t\t\t<div class=\"elementor-column elementor-col-50 elementor-inner-column elementor-element elementor-element-4ce4914\" data-id=\"4ce4914\" data-element_type=\"column\" data-e-type=\"column\">\n\t\t\t<div class=\"elementor-widget-wrap elementor-element-populated\">\n\t\t\t\t\t\t<div class=\"elementor-element elementor-element-538913f elementor-widget elementor-widget-text-editor\" data-id=\"538913f\" data-element_type=\"widget\" data-e-type=\"widget\" data-widget_type=\"text-editor.default\">\n\t\t\t\t<div class=\"elementor-widget-container\">\n\t\t\t\t\t\t\t\t\t<h5>Siuro Cruisinki paidat<\/h5><p>Mallisto sis\u00e4lt\u00e4\u00e4 T-paidan<\/p><ul class=\"kauppa\"><li><strong>T-paita 25 \u20ac<\/strong><\/li><\/ul><p>T-paidan v\u00e4rin\u00e4 t\u00e4n\u00e4 vuonna harmaa<\/p><p>Tilaukset s\u00e4hk\u00f6postiin:<\/p><p>siurocruisers@gmail.com<\/p>\t\t\t\t\t\t\t\t<\/div>\n\t\t\t\t<\/div>\n\t\t\t\t\t<\/div>\n\t\t<\/div>\n\t\t\t\t\t<\/div>\n\t\t<\/section>\n\t\t\t\t<section class=\"elementor-section elementor-inner-section elementor-element elementor-element-971c391 elementor-section-boxed elementor-section-height-default elementor-section-height-default\" data-id=\"971c391\" data-element_type=\"section\" data-e-type=\"section\">\n\t\t\t\t\t\t<div class=\"elementor-container elementor-column-gap-default\">\n\t\t\t\t\t<div class=\"elementor-column elementor-col-50 elementor-inner-column elementor-element elementor-element-ca9dc30\" data-id=\"ca9dc30\" data-element_type=\"column\" data-e-type=\"column\">\n\t\t\t<div class=\"elementor-widget-wrap elementor-element-populated\">\n\t\t\t\t\t\t<div class=\"elementor-element elementor-element-61cf511 elementor-widget elementor-widget-image\" data-id=\"61cf511\" data-element_type=\"widget\" data-e-type=\"widget\" data-widget_type=\"image.default\">\n\t\t\t\t<div class=\"elementor-widget-container\">\n\t\t\t\t\t\t\t\t\t\t\t\t\t\t\t<img fetchpriority=\"high\" decoding=\"async\" width=\"353\" height=\"265\" src=\"https:\/\/siurocruising.com\/wp-content\/uploads\/2021\/05\/Lippis_353x.jpg\" class=\"attachment-large size-large wp-image-607\" alt=\"\" srcset=\"https:\/\/siurocruising.com\/wp-content\/uploads\/2021\/05\/Lippis_353x.jpg 353w, https:\/\/siurocruising.com\/wp-content\/uploads\/2021\/05\/Lippis_353x-300x225.jpg 300w\" sizes=\"(max-width: 353px) 100vw, 353px\" \/>\t\t\t\t\t\t\t\t\t\t\t\t\t\t\t<\/div>\n\t\t\t\t<\/div>\n\t\t\t\t\t<\/div>\n\t\t<\/div>\n\t\t\t\t<div class=\"elementor-column elementor-col-50 elementor-inner-column elementor-element elementor-element-2aef004\" data-id=\"2aef004\" data-element_type=\"column\" data-e-type=\"column\">\n\t\t\t<div class=\"elementor-widget-wrap elementor-element-populated\">\n\t\t\t\t\t\t<div class=\"elementor-element elementor-element-97feaef elementor-widget elementor-widget-text-editor\" data-id=\"97feaef\" data-element_type=\"widget\" data-e-type=\"widget\" data-widget_type=\"text-editor.default\">\n\t\t\t\t<div class=\"elementor-widget-container\">\n\t\t\t\t\t\t\t\t\t<h5>Siuro Cruisers lippalakki.<\/h5><p>Lippist\u00e4 l\u00f6ytyy kahta versiota:<\/p><ul class=\"kauppa\"><li>Army (kuvassa edess\u00e4)<\/li><li>Snapback (kuvassa yl\u00e4oikea)<\/li><\/ul><p>V\u00e4rin\u00e4 muodikas musta &#8211; poikkeuksena Army jota saa sammaleen vihre\u00e4n\u00e4.<\/p><p>Lippiksen hinta on 20 \u20ac kappale<\/p><p>Tilaukset s\u00e4hk\u00f6postiin:<\/p><p>siurocruisers@gmail.com<\/p>\t\t\t\t\t\t\t\t<\/div>\n\t\t\t\t<\/div>\n\t\t\t\t\t<\/div>\n\t\t<\/div>\n\t\t\t\t\t<\/div>\n\t\t<\/section>\n\t\t\t\t\t<\/div>\n\t\t<\/div>\n\t\t\t\t\t<\/div>\n\t\t<\/section>\n\t\t\t\t<\/div>\n\t\t","protected":false},"excerpt":{"rendered":"<p>Siuro Cruisers support tuotteet Siuro Cruisinki paidat Mallisto sis\u00e4lt\u00e4\u00e4 T-paidan T-paita 25 \u20ac T-paidan v\u00e4rin\u00e4 t\u00e4n\u00e4 vuonna harmaa Tilaukset s\u00e4hk\u00f6postiin: siurocruisers@gmail.com Siuro Cruisers lippalakki. Lippist\u00e4 l\u00f6ytyy kahta versiota: Army (kuvassa edess\u00e4) Snapback (kuvassa yl\u00e4oikea) V\u00e4rin\u00e4 muodikas musta &#8211; poikkeuksena Army jota saa sammaleen vihre\u00e4n\u00e4. Lippiksen hinta on 20 \u20ac kappale Tilaukset s\u00e4hk\u00f6postiin: siurocruisers@gmail.com<\/p>\n","protected":false},"author":1,"featured_media":0,"parent":0,"menu_order":0,"comment_status":"closed","ping_status":"closed","template":"elementor_header_footer","meta":{"footnotes":""},"class_list":["post-529","page","type-page","status-publish","hentry"],"_links":{"self":[{"href":"https:\/\/siurocruising.com\/index.php\/wp-json\/wp\/v2\/pages\/529","targetHints":{"allow":["GET"]}}],"collection":[{"href":"https:\/\/siurocruising.com\/index.php\/wp-json\/wp\/v2\/pages"}],"about":[{"href":"https:\/\/siurocruising.com\/index.php\/wp-json\/wp\/v2\/types\/page"}],"author":[{"embeddable":true,"href":"https:\/\/siurocruising.com\/index.php\/wp-json\/wp\/v2\/users\/1"}],"replies":[{"embeddable":true,"href":"https:\/\/siurocruising.com\/index.php\/wp-json\/wp\/v2\/comments?post=529"}],"version-history":[{"count":169,"href":"https:\/\/siurocruising.com\/index.php\/wp-json\/wp\/v2\/pages\/529\/revisions"}],"predecessor-version":[{"id":1789,"href":"https:\/\/siurocruising.com\/index.php\/wp-json\/wp\/v2\/pages\/529\/revisions\/1789"}],"wp:attachment":[{"href":"https:\/\/siurocruising.com\/index.php\/wp-json\/wp\/v2\/media?parent=529"}],"curies":[{"name":"wp","href":"https:\/\/api.w.org\/{rel}","templated":true}]}}